{"id":12749,"date":"2018-06-05T14:20:58","date_gmt":"2018-06-05T13:20:58","guid":{"rendered":"http:\/\/neho-group.com\/en\/?page_id=12749"},"modified":"2022-12-20T14:40:46","modified_gmt":"2022-12-20T13:40:46","slug":"neho-group-new-hotel-management","status":"publish","type":"page","link":"https:\/\/neho-group.com\/en\/","title":{"rendered":"NEH\u00d4 GROUP &#8211; NEW H\u00d4TEL MANAGEMENT"},"content":{"rendered":"<p><div class=\"fusion-fullwidth fullwidth-box fusion-builder-row-1 nonhundred-percent-fullwidth non-hundred-percent-height-scrolling\" style=\"background-color: rgba(255,255,255,0);background-position: left top;background-repeat: no-repeat;padding-top:20px;padding-right:0px;padding-bottom:20px;padding-left:0px;margin-bottom: 0px;margin-top: 0px;border-width: 0px 0px 0px 0px;border-color:#eae9e9;border-style:solid;\" ><div class=\"fusion-builder-row fusion-row\"><div class=\"fusion-layout-column fusion_builder_column fusion-builder-column-0 fusion_builder_column_1_1 1_1 fusion-one-full fusion-column-first fusion-column-last fusion-column-no-min-height\" style=\"margin-top:0px;margin-bottom:0px;\"><div class=\"fusion-column-wrapper fusion-flex-column-wrapper-legacy\" style=\"background-position:left top;background-repeat:no-repeat;-webkit-background-size:cover;-moz-background-size:cover;-o-background-size:cover;background-size:cover;padding: 0px 0px 0px 0px;\"><div class=\"fusion-text fusion-text-1\"><h2 style=\"text-align: center;\"><a href=\"https:\/\/www.nehosuites-cannescroisette.com\/en\/\">CANNES<\/a> &#8211; <a href=\"http:\/\/neho-group.com\/hotel-la-malmaison-nice\/\">NICE<\/a> &#8211; <a href=\"https:\/\/hotel-roisoleil-prestige-plaisir.com\/en\/\">PLAISIR (WEST PARIS)<\/a> &#8211;\u00a0<a href=\"http:\/\/www.residence-la-reserve.com\/en\/\">GENEVA <\/a>&#8211;\u00a0<a href=\"https:\/\/www.nehosuites-portedegeneve.com\/en\/\">ANNEMASSE<\/a> \u00a0&#8211; <a href=\"http:\/\/www.ramadabrusselswoluwe.be\/en\/\">BRUSSELS<\/a> &#8211; <a href=\"https:\/\/www.arasshotel.com\/en\/\">ANTWERP<\/a> &#8211; <a href=\"https:\/\/doc.neho-group.com\/general-presentation\/mobile\/index.html#p=19\">MONS<\/a><\/h2>\n<h2 style=\"text-align: center;\"><\/h2>\n<\/div><div class=\"fusion-clearfix\"><\/div><\/div><\/div><\/div><\/div><div class=\"fusion-fullwidth fullwidth-box fusion-builder-row-2 hundred-percent-fullwidth non-hundred-percent-height-scrolling\" style=\"background-color: rgba(255,255,255,0);background-position: center center;background-repeat: no-repeat;padding-top:0px;padding-right:20px;padding-bottom:0px;padding-left:20px;margin-bottom: 0px;margin-top: 0px;border-width: 0px 0px 0px 0px;border-color:#eae9e9;border-style:solid;\" ><div class=\"fusion-builder-row fusion-row\"><div class=\"fusion-layout-column fusion_builder_column fusion-builder-column-1 fusion_builder_column_1_1 1_1 fusion-one-full fusion-column-first fusion-column-last fusion-column-no-min-height\" style=\"margin-top:0px;margin-bottom:0px;\"><div class=\"fusion-column-wrapper fusion-flex-column-wrapper-legacy\" style=\"background-position:left top;background-repeat:no-repeat;-webkit-background-size:cover;-moz-background-size:cover;-o-background-size:cover;background-size:cover;padding: 0px 0px 0px 0px;\">\t\t\t\t\t<div class=\"fusion-slider-container fusion-slider-sc-neho-clarion-video-en fusion-slider-55 full-width-slider\" data-id=\"55\" data-full_height=\"\" style=\"height:400px; max-width:100%;\">\n\t\t\t\t\t\t<style type=\"text\/css\">.fusion-slider-55 .flex-direction-nav a {width:63px;height:63px;line-height:63px;font-size:25px;}<\/style>\t\t\t\t\t\t<div class=\"fusion-slider-loading\">Loading...<\/div>\n\t\t\t\t\t\t<div class=\"tfs-slider flexslider main-flex full-width-slider\" data-slider_width=\"100%\" data-slider_height=\"400px\" data-full_screen=\"0\" data-parallax=\"0\" data-nav_arrows=\"1\" data-nav_box_width=\"63px\" data-nav_box_height=\"63px\" data-nav_arrow_size=\"25px\" data-pagination_circles=\"0\" data-autoplay=\"1\" data-loop=\"0\" data-animation=\"fade\" data-slideshow_speed=\"7000\" data-animation_speed=\"600\" data-typo_sensitivity=\"1\" data-typo_factor=\"1.5\" style=\"max-width:100%;\">\n\t\t\t\t\t\t\t<ul class=\"slides\">\n\t\t\t\t\t\t\t\t\t\t\t\t\t\t\t\t\t<li data-mute=\"no\" data-loop=\"no\" data-autoplay=\"yes\">\n\t\t\t\t\t\t\t\t\t\t<div class=\"slide-content-container slide-content-left\" style=\"display: none;\">\n\t\t\t\t\t\t\t\t\t\t\t<div class=\"slide-content\" style=\"\">\n\t\t\t\t\t\t\t\t\t\t\t\t\t\t\t\t\t\t\t\t\t\t\t\t\t\t\t\t\t\t\t\t\t\t\t\t\t\t\t\t\t\t\t\t\t\t\t<\/div>\n\t\t\t\t\t\t\t\t\t\t<\/div>\n\t\t\t\t\t\t\t\t\t\t\t\t\t\t\t\t\t\t\t\t\t\t\t\t\t\t\t\t\t\t\t\t\t\t\t\t\t\t\t\t<div class=\"background \" style=\"max-width:100%;height:400px;filter: progid:DXImageTransform.Microsoft.AlphaImageLoader(src='', sizingMethod='scale');\" data-imgwidth=\"\">\n\t\t\t\t\t\t\t\t\t\t\t\t\t\t\t\t\t\t\t\t\t\t\t\t\t\t\t\t\t\t\t\t\t\t\t\t\t\t\t\t\t\t\t\t\t\t\t\t\t\t\t\t\t\t\t\t\t<div style=\"position: absolute; top: 0; left: 0; z-index: 1; width: 100%; height: 100%\" data-youtube-video-id=\"K74gmbu2HdM\" data-video-aspect-ratio=\"16:9\">\n\t\t\t\t\t\t\t\t\t\t\t\t\t<div id=\"video-K74gmbu2HdM-inner\">\n\t\t\t\t\t\t\t\t\t\t\t\t\t\t<iframe height=\"100%\" width=\"100%\" src=\"https:\/\/www.youtube.com\/embed\/K74gmbu2HdM?wmode=transparent&amp;modestbranding=1&amp;showinfo=0&amp;autohide=1&amp;enablejsapi=1&amp;rel=0&amp;vq=hd720&amp;&amp;autoplay=1&amp;controls=1\" data-fusion-no-placeholder><\/iframe>\n\t\t\t\t\t\t\t\t\t\t\t\t\t<\/div>\n\t\t\t\t\t\t\t\t\t\t\t\t<\/div>\n\t\t\t\t\t\t\t\t\t\t\t\t\t\t\t\t\t\t\t\t\t\t\t\t\t\t\t\t\t\t\t\t<\/div>\n\t\t\t\t\t\t\t\t\t<\/li>\n\t\t\t\t\t\t\t\t\t\t\t\t\t\t\t\t\t\t\t\t\t\t\t<\/ul>\n\t\t\t\t\t\t<\/div>\n\t\t\t\t\t<\/div>\n\t\t\t\t\t\t\t\t<div class=\"fusion-clearfix\"><\/div><\/div><\/div><\/div><style type=\"text\/css\">.fusion-fullwidth.fusion-builder-row-2 { overflow:visible; }<\/style><\/div><div class=\"fusion-fullwidth fullwidth-box fusion-builder-row-3 nonhundred-percent-fullwidth non-hundred-percent-height-scrolling\" style=\"background-color: #7d6e66;background-position: left top;background-repeat: no-repeat;padding-top:30px;padding-right:0px;padding-bottom:35px;padding-left:0px;margin-bottom: 0px;margin-top: 0px;border-width: 0px 0px 0px 0px;border-color:#e5e4e4;border-style:solid;\" ><div class=\"fusion-builder-row fusion-row\"><div class=\"fusion-layout-column fusion_builder_column fusion-builder-column-2 fusion_builder_column_2_3 2_3 fusion-two-third fusion-column-first\" style=\"width:65.3333%; margin-right: 4%;margin-top:0px;margin-bottom:20px;\"><div class=\"fusion-column-wrapper fusion-flex-column-wrapper-legacy\" style=\"background-position:left top;background-repeat:no-repeat;-webkit-background-size:cover;-moz-background-size:cover;-o-background-size:cover;background-size:cover;padding: 0px 0px 0px 0px;\"><div class=\"fusion-text fusion-text-2\"><h1 style=\"text-align: justify;\"><span style=\"color: #ffffff;\">NEW HOTEL MANAGEMENT<\/span><\/h1>\n<p style=\"text-align: justify;\"><span style=\"color: #ffffff;\">The strength of the NEH\u00d4-GROUP is to be born from a common will and innovative values shared by all those, men and women, who animate it today.<\/span><\/p>\n<p style=\"text-align: justify;\"><span style=\"color: #ffffff;\">More than an ambition, these values stemming from the experience of each one, Hotel, Real Estate, Financial, are at the origin of a vision which conditions each day our objectives, our choices, our actions.<\/span><\/p>\n<p style=\"text-align: justify;\"><span style=\"color: #ffffff;\">NEH\u00d4-GROUP offers a global approach, multidisciplinary, and acts very upstream to ensure the sustainability of its projects.<\/span><\/p>\n<p style=\"text-align: justify;\"><span style=\"color: #ffffff;\">For our customers, as for our partners, it is the guarantee of a permanent level of requirement, and faithful to their expectations.<\/span><\/p>\n<\/div><div class=\"fusion-text fusion-text-3\"><p style=\"text-align: center; margin-top: -10px; font-size: 17px !important; line-height: 24px !important; color: #b1b1b1 !important;\"><img decoding=\"async\" class=\" wp-image-11667 alignright\" src=\"http:\/\/neho-group.com\/wp-content\/uploads\/2015\/05\/signature-neho-300x176.png\" alt=\"signature-neho\" width=\"201\" height=\"118\" srcset=\"https:\/\/neho-group.com\/wp-content\/uploads\/2015\/05\/signature-neho-300x176.png 300w, https:\/\/neho-group.com\/wp-content\/uploads\/2015\/05\/signature-neho.png 625w\" sizes=\"(max-width: 201px) 100vw, 201px\" \/><\/p>\n<\/div><div class=\"fusion-clearfix\"><\/div><\/div><\/div><div class=\"fusion-layout-column fusion_builder_column fusion-builder-column-3 fusion_builder_column_1_3 1_3 fusion-one-third fusion-column-last\" style=\"width:30.6666%;margin-top:0px;margin-bottom:20px;\"><div class=\"fusion-column-wrapper fusion-flex-column-wrapper-legacy\" style=\"background-image: url(&#039;http:\/\/neho-group.com\/wp-content\/uploads\/2014\/11\/Suite-nuptiale-Chambre-double-300x300.jpg&#039;);background-position:center center;background-repeat:no-repeat;-webkit-background-size:cover;-moz-background-size:cover;-o-background-size:cover;background-size:cover;padding: 0px 0px 0px 0px;\" data-bg-url=\"http:\/\/neho-group.com\/wp-content\/uploads\/2014\/11\/Suite-nuptiale-Chambre-double-300x300.jpg\"><div class=\"fusion-clearfix\"><\/div><\/div><\/div><\/div><\/div><div class=\"fusion-fullwidth fullwidth-box fusion-builder-row-4 hundred-percent-fullwidth non-hundred-percent-height-scrolling\" style=\"background-color: rgba(255,255,255,0);background-position: center center;background-repeat: no-repeat;padding-top:0px;padding-right:20px;padding-bottom:0px;padding-left:20px;margin-bottom: 0px;margin-top: 0px;border-width: 0px 0px 0px 0px;border-color:#eae9e9;border-style:solid;\" ><div class=\"fusion-builder-row fusion-row\"><div class=\"fusion-layout-column fusion_builder_column fusion-builder-column-4 fusion_builder_column_1_1 1_1 fusion-one-full fusion-column-first fusion-column-last fusion-column-no-min-height\" style=\"margin-top:0px;margin-bottom:0px;\"><div class=\"fusion-column-wrapper fusion-flex-column-wrapper-legacy\" style=\"background-position:left top;background-repeat:no-repeat;-webkit-background-size:cover;-moz-background-size:cover;-o-background-size:cover;background-size:cover;padding: 0px 0px 0px 0px;\"><div class=\"fusion-section-separator section-separator triangle fusion-section-separator-1\"><div class=\"fusion-section-separator-svg\" style=\"border-bottom:1px solid #7d6e66;margin-left: 0px;margin-right: 0px;\"><div class=\"divider-candy-arrow bottom\" style=\"top:0px;border-top-color: #7d6e66;\"><\/div><div class=\"divider-candy bottom\" style=\"bottom:-21px;border-bottom:1px solid #7d6e66;border-left:1px solid #7d6e66;\"><\/div><\/div><div class=\"fusion-section-separator-spacer\"><div class=\"fusion-section-separator-spacer-height\" style=\"height:1px;\"><\/div><\/div><\/div><div class=\"fusion-clearfix\"><\/div><\/div><\/div><\/div><style type=\"text\/css\">.fusion-fullwidth.fusion-builder-row-4 { overflow:visible; }<\/style><\/div><div class=\"fusion-fullwidth fullwidth-box fusion-builder-row-5 nonhundred-percent-fullwidth non-hundred-percent-height-scrolling\" style=\"background-color: #fff;background-position: left top;background-repeat: no-repeat;padding-top:45px;padding-right:0px;padding-bottom:65px;padding-left:0px;margin-bottom: 0px;margin-top: 0px;border-width: 1px 0px 1px 0px;border-color:#e5e4e4;border-style:solid;\" ><div class=\"fusion-builder-row fusion-row\"><div class=\"fusion-layout-column fusion_builder_column fusion-builder-column-5 fusion_builder_column_1_5 1_5 fusion-one-fifth fusion-column-first\" style=\"width:16.8%; margin-right: 4%;margin-top:0px;margin-bottom:20px;\"><div class=\"fusion-column-wrapper fusion-flex-column-wrapper-legacy\" style=\"background-position:left top;background-repeat:no-repeat;-webkit-background-size:cover;-moz-background-size:cover;-o-background-size:cover;background-size:cover;padding: 0px 0px 0px 0px;\"><span class=\" fusion-imageframe imageframe-none imageframe-1 hover-type-none\"><img decoding=\"async\" src=\"http:\/\/neho-group.com\/wp-content\/uploads\/2014\/11\/curv-neho-300x300.png\" class=\"img-responsive\"\/><\/span><div class=\"fusion-clearfix\"><\/div><\/div><\/div><div class=\"fusion-layout-column fusion_builder_column fusion-builder-column-6 fusion_builder_column_3_5 3_5 fusion-three-fifth\" style=\"width:58.4%; margin-right: 4%;margin-top:0px;margin-bottom:20px;\"><div class=\"fusion-column-wrapper fusion-flex-column-wrapper-legacy\" style=\"background-position:left top;background-repeat:no-repeat;-webkit-background-size:cover;-moz-background-size:cover;-o-background-size:cover;background-size:cover;padding: 0px 0px 0px 0px;\"><div class=\"fusion-text fusion-text-4\"><h1 style=\"font-size: 30px !important; text-align: justify;\">THE MEANING OF VALUES<\/h1>\n<p style=\"text-align: justify;\">NEH\u00d4-group&#8217;s values are present in the minds of all our employees and cultivated in each of our subsidiaries.<\/p>\n<p style=\"text-align: justify;\">The sense of welcome above all, the taste for innovation, the desire to always undertake, the reasoned will for performance, the culture of team action and daily respect for the world around us.<\/p>\n<p style=\"text-align: justify;\">The NEH\u00d4 group is the sum of responsible and professional men and women who have a perfect mastery of their field of competence.<\/p>\n<p style=\"text-align: right;\"><strong><a href=\"http:\/\/neho-group.com\/nos-valeurs\/\">&gt; read more +<\/a><\/strong><\/p>\n<\/div><div class=\"fusion-clearfix\"><\/div><\/div><\/div><\/div><\/div><div class=\"fusion-fullwidth fullwidth-box fusion-builder-row-6 nonhundred-percent-fullwidth non-hundred-percent-height-scrolling fusion-equal-height-columns\" style=\"background-color: #cecece;background-position: left top;background-repeat: no-repeat;padding-top:20px;padding-right:0px;padding-bottom:20px;padding-left:0px;margin-bottom: 0px;margin-top: 0px;border-width: 0px 0px 0px 0px;border-color:#eae9e9;border-style:solid;\" ><div class=\"fusion-builder-row fusion-row\"><div class=\"fusion-layout-column fusion_builder_column fusion-builder-column-7 fusion_builder_column_1_4 1_4 fusion-one-fourth fusion-column-first\" style=\"width:22%; margin-right: 4%;margin-top:0px;margin-bottom:20px;\"><div class=\"fusion-column-wrapper fusion-flex-column-wrapper-legacy\" style=\"background-position:left top;background-repeat:no-repeat;-webkit-background-size:cover;-moz-background-size:cover;-o-background-size:cover;background-size:cover;padding: 0px 0px 0px 0px;\"><span class=\" fusion-imageframe imageframe-none imageframe-2 hover-type-none\"><img decoding=\"async\" src=\"http:\/\/neho-group.com\/wp-content\/uploads\/2014\/11\/CONSTRUCTION.jpg\" class=\"img-responsive\"\/><\/span><div class=\"fusion-clearfix\"><\/div><\/div><\/div><div class=\"fusion-layout-column fusion_builder_column fusion-builder-column-8 fusion_builder_column_1_4 1_4 fusion-one-fourth\" style=\"width:22%; margin-right: 4%;margin-top:0px;margin-bottom:20px;\"><div class=\"fusion-column-wrapper fusion-flex-column-wrapper-legacy\" style=\"background-position:left top;background-repeat:no-repeat;-webkit-background-size:cover;-moz-background-size:cover;-o-background-size:cover;background-size:cover;padding: 0px 0px 0px 0px;\"><div class=\"fusion-text fusion-text-5\"><h4>BUILDING THE FUTURE TOGETHER<\/h4>\n<p>Management, engineering, investment discover the strategic poles of NEH\u00d4 and dare to invest in the future.<\/p>\n<p><strong><a href=\"http:\/\/neho-group.com\/le-groupe-neho\/\">&gt;\u00a0read more +<\/a><\/strong><\/p>\n<\/div><div class=\"fusion-clearfix\"><\/div><\/div><\/div><div class=\"fusion-layout-column fusion_builder_column fusion-builder-column-9 fusion_builder_column_1_4 1_4 fusion-one-fourth\" style=\"width:22%; margin-right: 4%;margin-top:0px;margin-bottom:20px;\"><div class=\"fusion-column-wrapper fusion-flex-column-wrapper-legacy\" style=\"background-position:left top;background-repeat:no-repeat;-webkit-background-size:cover;-moz-background-size:cover;-o-background-size:cover;background-size:cover;padding: 0px 0px 0px 0px;\"><span class=\" fusion-imageframe imageframe-none imageframe-3 hover-type-none\"><img decoding=\"async\" width=\"1024\" height=\"724\" title=\"CarteImplantation2023GB\" src=\"https:\/\/neho-group.com\/wp-content\/uploads\/2022\/12\/CarteImplantation2023GB-1024x724.png\" class=\"img-responsive wp-image-13719\" srcset=\"https:\/\/neho-group.com\/wp-content\/uploads\/2022\/12\/CarteImplantation2023GB-200x141.png 200w, https:\/\/neho-group.com\/wp-content\/uploads\/2022\/12\/CarteImplantation2023GB-400x283.png 400w, https:\/\/neho-group.com\/wp-content\/uploads\/2022\/12\/CarteImplantation2023GB-600x424.png 600w, https:\/\/neho-group.com\/wp-content\/uploads\/2022\/12\/CarteImplantation2023GB-800x566.png 800w, https:\/\/neho-group.com\/wp-content\/uploads\/2022\/12\/CarteImplantation2023GB-1200x848.png 1200w\" sizes=\"(max-width: 800px) 100vw, 400px\" \/><\/span><div class=\"fusion-clearfix\"><\/div><\/div><\/div><div class=\"fusion-layout-column fusion_builder_column fusion-builder-column-10 fusion_builder_column_1_4 1_4 fusion-one-fourth fusion-column-last\" style=\"width:22%;margin-top:0px;margin-bottom:20px;\"><div class=\"fusion-column-wrapper fusion-flex-column-wrapper-legacy\" style=\"background-position:left top;background-repeat:no-repeat;-webkit-background-size:cover;-moz-background-size:cover;-o-background-size:cover;background-size:cover;padding: 0px 0px 0px 0px;\"><div class=\"fusion-text fusion-text-6\"><h4>LOCATIONS AND PROJECTS<\/h4>\n<p>NEH\u00d4-GROUP has the ambition to be a major player in promotion engineering, investment and management of innovative hotel and para-hotel projects.<\/p>\n<p><strong><a href=\"http:\/\/neho-group.com\/nos-implantations\/\">&gt;\u00a0read more +<\/a><\/strong><\/p>\n<\/div><div class=\"fusion-clearfix\"><\/div><\/div><\/div><\/div><\/div><\/p>\n","protected":false},"excerpt":{"rendered":"","protected":false},"author":1,"featured_media":0,"parent":0,"menu_order":0,"comment_status":"closed","ping_status":"closed","template":"100-width.php","meta":{"_mi_skip_tracking":false},"yoast_head":"<!-- This site is optimized with the Yoast SEO plugin v19.13 - https:\/\/yoast.com\/wordpress\/plugins\/seo\/ -->\n<title>NEH\u00d4 GROUP - NEW H\u00d4TEL MANAGEMENT - NEH\u00d4 Group<\/title>\n<meta name=\"description\" content=\"NICE - CANNES - GEN\u00c8VE- ANNEMASSE - ANVERS - ALSACE LORRAINE - BRUXELLES - MONS\" \/>\n<meta name=\"robots\" content=\"index, follow, max-snippet:-1, max-image-preview:large, max-video-preview:-1\" \/>\n<link rel=\"canonical\" href=\"https:\/\/neho-group.com\/en\/\" \/>\n<meta property=\"og:locale\" content=\"en_US\" \/>\n<meta property=\"og:type\" content=\"article\" \/>\n<meta property=\"og:title\" content=\"facebook.com\/NEHOGROUP\" \/>\n<meta property=\"og:description\" content=\"NICE - CANNES - GEN\u00c8VE- ANNEMASSE - ANVERS - ALSACE LORRAINE - BRUXELLES - MONS\" \/>\n<meta property=\"og:url\" content=\"https:\/\/neho-group.com\/en\/\" \/>\n<meta property=\"og:site_name\" content=\"NEH\u00d4 Group\" \/>\n<meta property=\"article:modified_time\" content=\"2022-12-20T13:40:46+00:00\" \/>\n<meta property=\"og:image\" content=\"http:\/\/neho-group.com\/wp-content\/uploads\/2015\/05\/signature-neho-300x176.png\" \/>\n<meta name=\"twitter:card\" content=\"summary_large_image\" \/>\n<meta name=\"twitter:label1\" content=\"Est. reading time\" \/>\n\t<meta name=\"twitter:data1\" content=\"6 minutes\" \/>\n<script type=\"application\/ld+json\" class=\"yoast-schema-graph\">{\"@context\":\"https:\/\/schema.org\",\"@graph\":[{\"@type\":\"WebPage\",\"@id\":\"https:\/\/neho-group.com\/en\/\",\"url\":\"https:\/\/neho-group.com\/en\/\",\"name\":\"NEH\u00d4 GROUP - NEW H\u00d4TEL MANAGEMENT - NEH\u00d4 Group\",\"isPartOf\":{\"@id\":\"https:\/\/neho-group.com\/#website\"},\"datePublished\":\"2018-06-05T13:20:58+00:00\",\"dateModified\":\"2022-12-20T13:40:46+00:00\",\"description\":\"NICE - CANNES - GEN\u00c8VE- ANNEMASSE - ANVERS - ALSACE LORRAINE - BRUXELLES - MONS\",\"breadcrumb\":{\"@id\":\"https:\/\/neho-group.com\/en\/#breadcrumb\"},\"inLanguage\":\"en-US\",\"potentialAction\":[{\"@type\":\"ReadAction\",\"target\":[\"https:\/\/neho-group.com\/en\/\"]}]},{\"@type\":\"BreadcrumbList\",\"@id\":\"https:\/\/neho-group.com\/en\/#breadcrumb\",\"itemListElement\":[{\"@type\":\"ListItem\",\"position\":1,\"name\":\"Accueil\",\"item\":\"https:\/\/neho-group.com\/en\/\"},{\"@type\":\"ListItem\",\"position\":2,\"name\":\"NEH\u00d4 GROUP &#8211; NEW H\u00d4TEL MANAGEMENT\"}]},{\"@type\":\"WebSite\",\"@id\":\"https:\/\/neho-group.com\/#website\",\"url\":\"https:\/\/neho-group.com\/\",\"name\":\"NEH\u00d4 Group\",\"description\":\"NEH\u00d4 Group\",\"potentialAction\":[{\"@type\":\"SearchAction\",\"target\":{\"@type\":\"EntryPoint\",\"urlTemplate\":\"https:\/\/neho-group.com\/?s={search_term_string}\"},\"query-input\":\"required name=search_term_string\"}],\"inLanguage\":\"en-US\"}]}<\/script>\n<!-- \/ Yoast SEO plugin. -->","yoast_head_json":{"title":"NEH\u00d4 GROUP - NEW H\u00d4TEL MANAGEMENT - NEH\u00d4 Group","description":"NICE - CANNES - GEN\u00c8VE- ANNEMASSE - ANVERS - ALSACE LORRAINE - BRUXELLES - MONS","robots":{"index":"index","follow":"follow","max-snippet":"max-snippet:-1","max-image-preview":"max-image-preview:large","max-video-preview":"max-video-preview:-1"},"canonical":"https:\/\/neho-group.com\/en\/","og_locale":"en_US","og_type":"article","og_title":"facebook.com\/NEHOGROUP","og_description":"NICE - CANNES - GEN\u00c8VE- ANNEMASSE - ANVERS - ALSACE LORRAINE - BRUXELLES - MONS","og_url":"https:\/\/neho-group.com\/en\/","og_site_name":"NEH\u00d4 Group","article_modified_time":"2022-12-20T13:40:46+00:00","og_image":[{"url":"http:\/\/neho-group.com\/wp-content\/uploads\/2015\/05\/signature-neho-300x176.png"}],"twitter_card":"summary_large_image","twitter_misc":{"Est. reading time":"6 minutes"},"schema":{"@context":"https:\/\/schema.org","@graph":[{"@type":"WebPage","@id":"https:\/\/neho-group.com\/en\/","url":"https:\/\/neho-group.com\/en\/","name":"NEH\u00d4 GROUP - NEW H\u00d4TEL MANAGEMENT - NEH\u00d4 Group","isPartOf":{"@id":"https:\/\/neho-group.com\/#website"},"datePublished":"2018-06-05T13:20:58+00:00","dateModified":"2022-12-20T13:40:46+00:00","description":"NICE - CANNES - GEN\u00c8VE- ANNEMASSE - ANVERS - ALSACE LORRAINE - BRUXELLES - MONS","breadcrumb":{"@id":"https:\/\/neho-group.com\/en\/#breadcrumb"},"inLanguage":"en-US","potentialAction":[{"@type":"ReadAction","target":["https:\/\/neho-group.com\/en\/"]}]},{"@type":"BreadcrumbList","@id":"https:\/\/neho-group.com\/en\/#breadcrumb","itemListElement":[{"@type":"ListItem","position":1,"name":"Accueil","item":"https:\/\/neho-group.com\/en\/"},{"@type":"ListItem","position":2,"name":"NEH\u00d4 GROUP &#8211; NEW H\u00d4TEL MANAGEMENT"}]},{"@type":"WebSite","@id":"https:\/\/neho-group.com\/#website","url":"https:\/\/neho-group.com\/","name":"NEH\u00d4 Group","description":"NEH\u00d4 Group","potentialAction":[{"@type":"SearchAction","target":{"@type":"EntryPoint","urlTemplate":"https:\/\/neho-group.com\/?s={search_term_string}"},"query-input":"required name=search_term_string"}],"inLanguage":"en-US"}]}},"_links":{"self":[{"href":"https:\/\/neho-group.com\/en\/wp-json\/wp\/v2\/pages\/12749"}],"collection":[{"href":"https:\/\/neho-group.com\/en\/wp-json\/wp\/v2\/pages"}],"about":[{"href":"https:\/\/neho-group.com\/en\/wp-json\/wp\/v2\/types\/page"}],"author":[{"embeddable":true,"href":"https:\/\/neho-group.com\/en\/wp-json\/wp\/v2\/users\/1"}],"replies":[{"embeddable":true,"href":"https:\/\/neho-group.com\/en\/wp-json\/wp\/v2\/comments?post=12749"}],"version-history":[{"count":20,"href":"https:\/\/neho-group.com\/en\/wp-json\/wp\/v2\/pages\/12749\/revisions"}],"predecessor-version":[{"id":13723,"href":"https:\/\/neho-group.com\/en\/wp-json\/wp\/v2\/pages\/12749\/revisions\/13723"}],"wp:attachment":[{"href":"https:\/\/neho-group.com\/en\/wp-json\/wp\/v2\/media?parent=12749"}],"curies":[{"name":"wp","href":"https:\/\/api.w.org\/{rel}","templated":true}]}}